{"id":97,"date":"2023-08-21T17:20:38","date_gmt":"2023-08-21T17:20:38","guid":{"rendered":"http:\/\/cocodi.saludtlax.gob.mx\/?page_id=97"},"modified":"2023-10-04T17:21:39","modified_gmt":"2023-10-04T17:21:39","slug":"campanas","status":"publish","type":"page","link":"https:\/\/cocodi.saludtlax.gob.mx\/index.php\/campanas\/","title":{"rendered":"Campa\u00f1as"},"content":{"rendered":"\n<div class=\"wp-block-media-text is-stacked-on-mobile\"><figure class=\"wp-block-media-text__media\"><img loading=\"lazy\" decoding=\"async\" width=\"1024\" height=\"576\" src=\"https:\/\/cocodi.saludtlax.gob.mx\/wp-content\/uploads\/2023\/10\/2023-08-24-1024x576.png\" alt=\"\" class=\"wp-image-360 size-full\" srcset=\"https:\/\/cocodi.saludtlax.gob.mx\/wp-content\/uploads\/2023\/10\/2023-08-24-1024x576.png 1024w, https:\/\/cocodi.saludtlax.gob.mx\/wp-content\/uploads\/2023\/10\/2023-08-24-300x169.png 300w, https:\/\/cocodi.saludtlax.gob.mx\/wp-content\/uploads\/2023\/10\/2023-08-24-768x432.png 768w, https:\/\/cocodi.saludtlax.gob.mx\/wp-content\/uploads\/2023\/10\/2023-08-24-1536x864.png 1536w, https:\/\/cocodi.saludtlax.gob.mx\/wp-content\/uploads\/2023\/10\/2023-08-24.png 1920w\" sizes=\"auto, (max-width: 1024px) 100vw, 1024px\" \/><\/figure><div class=\"wp-block-media-text__content\">\n<p>Campa\u00f1a de Detecci\u00f3n de Riesgos Institucionales<\/p>\n<\/div><\/div>\n\n\n\n<div class=\"wp-block-media-text is-stacked-on-mobile\"><figure class=\"wp-block-media-text__media\"><img loading=\"lazy\" decoding=\"async\" width=\"1024\" height=\"576\" src=\"https:\/\/cocodi.saludtlax.gob.mx\/wp-content\/uploads\/2023\/10\/CAMPANA-1-OPCION-2-1024x576.png\" alt=\"\" class=\"wp-image-364 size-full\" srcset=\"https:\/\/cocodi.saludtlax.gob.mx\/wp-content\/uploads\/2023\/10\/CAMPANA-1-OPCION-2-1024x576.png 1024w, https:\/\/cocodi.saludtlax.gob.mx\/wp-content\/uploads\/2023\/10\/CAMPANA-1-OPCION-2-300x169.png 300w, https:\/\/cocodi.saludtlax.gob.mx\/wp-content\/uploads\/2023\/10\/CAMPANA-1-OPCION-2-768x432.png 768w, https:\/\/cocodi.saludtlax.gob.mx\/wp-content\/uploads\/2023\/10\/CAMPANA-1-OPCION-2-1536x864.png 1536w, https:\/\/cocodi.saludtlax.gob.mx\/wp-content\/uploads\/2023\/10\/CAMPANA-1-OPCION-2.png 1920w\" sizes=\"auto, (max-width: 1024px) 100vw, 1024px\" \/><\/figure><div class=\"wp-block-media-text__content\">\n<p>Difusi\u00f3n del los valores y principios del Buen Servidor P\u00fablico<\/p>\n<\/div><\/div>\n\n\n\n<div class=\"wp-block-media-text is-stacked-on-mobile\"><figure class=\"wp-block-media-text__media\"><img loading=\"lazy\" decoding=\"async\" width=\"1024\" height=\"447\" src=\"https:\/\/cocodi.saludtlax.gob.mx\/wp-content\/uploads\/2023\/10\/2023-08-29-1024x447.png\" alt=\"\" class=\"wp-image-366 size-full\" srcset=\"https:\/\/cocodi.saludtlax.gob.mx\/wp-content\/uploads\/2023\/10\/2023-08-29-1024x447.png 1024w, https:\/\/cocodi.saludtlax.gob.mx\/wp-content\/uploads\/2023\/10\/2023-08-29-300x131.png 300w, https:\/\/cocodi.saludtlax.gob.mx\/wp-content\/uploads\/2023\/10\/2023-08-29-768x335.png 768w, https:\/\/cocodi.saludtlax.gob.mx\/wp-content\/uploads\/2023\/10\/2023-08-29-1536x671.png 1536w, https:\/\/cocodi.saludtlax.gob.mx\/wp-content\/uploads\/2023\/10\/2023-08-29.png 1796w\" sizes=\"auto, (max-width: 1024px) 100vw, 1024px\" \/><\/figure><div class=\"wp-block-media-text__content\">\n<p><a href=\"https:\/\/periodico.tlaxcala.gob.mx\/indices\/1Ex08082023.pdf\">https:\/\/periodico.tlaxcala.gob.mx\/indices\/1Ex08082023.pdf<\/a><\/p>\n<\/div><\/div>\n","protected":false},"excerpt":{"rendered":"<p>Campa\u00f1a de Detecci\u00f3n de Riesgos Institucionales Difusi\u00f3n del los valores y principios del Buen Servidor P\u00fablico https:\/\/periodico.tlaxcala.gob.mx\/indices\/1Ex08082023.pdf<\/p>\n","protected":false},"author":1,"featured_media":0,"parent":0,"menu_order":0,"comment_status":"closed","ping_status":"closed","template":"","meta":{"footnotes":""},"class_list":["post-97","page","type-page","status-publish","hentry"],"_links":{"self":[{"href":"https:\/\/cocodi.saludtlax.gob.mx\/index.php\/wp-json\/wp\/v2\/pages\/97","targetHints":{"allow":["GET"]}}],"collection":[{"href":"https:\/\/cocodi.saludtlax.gob.mx\/index.php\/wp-json\/wp\/v2\/pages"}],"about":[{"href":"https:\/\/cocodi.saludtlax.gob.mx\/index.php\/wp-json\/wp\/v2\/types\/page"}],"author":[{"embeddable":true,"href":"https:\/\/cocodi.saludtlax.gob.mx\/index.php\/wp-json\/wp\/v2\/users\/1"}],"replies":[{"embeddable":true,"href":"https:\/\/cocodi.saludtlax.gob.mx\/index.php\/wp-json\/wp\/v2\/comments?post=97"}],"version-history":[{"count":5,"href":"https:\/\/cocodi.saludtlax.gob.mx\/index.php\/wp-json\/wp\/v2\/pages\/97\/revisions"}],"predecessor-version":[{"id":368,"href":"https:\/\/cocodi.saludtlax.gob.mx\/index.php\/wp-json\/wp\/v2\/pages\/97\/revisions\/368"}],"wp:attachment":[{"href":"https:\/\/cocodi.saludtlax.gob.mx\/index.php\/wp-json\/wp\/v2\/media?parent=97"}],"curies":[{"name":"wp","href":"https:\/\/api.w.org\/{rel}","templated":true}]}}